{"id":68,"date":"2021-06-23T10:27:50","date_gmt":"2021-06-23T08:27:50","guid":{"rendered":"https:\/\/katharina-thoma.de.ddev.site\/?page_id=68"},"modified":"2026-01-21T19:05:48","modified_gmt":"2026-01-21T18:05:48","slug":"biographie","status":"publish","type":"page","link":"https:\/\/katharinathoma.com\/fr\/biographie\/","title":{"rendered":"Biographie"},"content":{"rendered":"<p>Katharina Thoma est un metteur en sc\u00e8ne de r\u00e9putation internationale. Son travail est characteris\u00e9 par sa musicalit\u00e9, l\u2019intensit\u00e9 psychologique et une Personenregie detaill\u00e9e et l\u2019a port\u00e9e d\u00e9j\u00e0 aux grandes maisons d\u2019op\u00e9ra parmi l\u2019Europe.<\/p>\n<p>Elle faisait des mises en sc\u00e8ne de <em>Tristessa <\/em>(Royal Opera Stockholm),\u00a0<em>Madama Butterfly<\/em> (Folkopera Stockholm),\u00a0<em>H\u00e4nsel &amp; Gretel<\/em> (G\u00f6teborg Opera), <em>Vanessa<\/em> et <em>Carmen<\/em> (Malm\u00f6 Opera), <em>La Clemenza di Tito<\/em>\u00a0(Op\u00e9ra national du Rhin, Strasbourg),\u00a0<em>Ariadne auf Naxos<\/em>\u00a0(Glyndebourne Festival) et\u00a0<em>Un ballo in maschera<\/em>\u00a0(Royal Opera House Covent Garden, London).<\/p>\n<p>En Allemagne, elle signait les productions de\u00a0<em>Tristan und Isolde, <\/em><em>La finta giardiniera<\/em>,\u00a0<em>Martha<\/em>\u00a0de Flotow et <em>Les brigands<\/em> d&rsquo;Offenbach \u00e0 l\u2019Op\u00e9ra de Francfort. Elle travaillait \u00e0 l&rsquo;op\u00e9ra de Cologne (<em>Die Frau<\/em> <em>ohne Schatten<\/em>), \u00e0 l&rsquo;op\u00e9ra de Leipzig (<em>Don Giovanni, Cos\u00ec fan tutte<\/em>), \u00e0 Karlsruhe et \u00e0 Kassel. De 2011\u20132014 elle \u00e9tait metteur en sc\u00e8ne associ\u00e9 de l\u2019Op\u00e9ra de Dortmund.<\/p>\n<p>Katharina Thoma a fait des \u00e9tudes de piano \u00e0 la Musikhochschule L\u00fcbeck. Inspir\u00e9e par sa formation musicale et par son travail comme accompagnatrice de chant et r\u00e9p\u00e9titeur, elle s\u2019int\u00e9ressait de plus en plus au monde lyrique et \u00e0 la mise en sc\u00e8ne d\u2019op\u00e8ra.<\/p>\n<p>Elle devenait assistante \u00e0 la mise en sc\u00e8ne \u00e0 Kassel (2002\u20132004), puis \u00e0 l\u2019Op\u00e9ra de Francfort (2204-2208) o\u00f9 elle travaillait avec des metteurs en sc\u00e8ne tels que Richard Jones, Keith Warner et Christof Loy.<\/p>\n<p>En 2007, elle obtenait le 2\u00e8me prix du Concours europ\u00e9en de la Camerata Nuova pour une conception pour\u00a0<em>Rusalka<\/em>\u00a0de Dvo\u0159\u00e1k. Ses premi\u00e8res grandes projets de mise en sc\u00e8ne sont\u00a0<em>Piero \u2013 Ende der Nacht<\/em>\u00a0de Jens Joneleit, premi\u00e8re mondiale \u00e0 la Biennale de Munich, ainsi que\u00a0<em>Vanessa<\/em>\u00a0de Barber \u00e0 Malm\u00f6 (qui a \u00e9t\u00e9 repris \u00e0 Francfort).<\/p>\n<p>La formation de jeunes chanteurs au travail de la sc\u00e8ne constitue un autre axe essentiel de son travail: De 2008\u20132012, Katharina Thoma a enseign\u00e9 au Conservatoire sup\u00e9rieure de Mayence. En 2018, elle \u00e9tait professeure associ\u00e9e \u00e0 l\u2019Universit\u00e9 des Arts \u00e0 Graz, et depuis 2019, professeure agr\u00e9g\u00e9e au conservatoire sup\u00e9rieur de W\u00fcrzburg dont elle dirige l\u2019\u00e9cole lyrique.<\/p>","protected":false},"excerpt":{"rendered":"<p>Katharina Thoma est un metteur en sc\u00e8ne de r\u00e9putation internationale. Son travail est characteris\u00e9 par sa musicalit\u00e9, l\u2019intensit\u00e9 psychologique et une Personenregie detaill\u00e9e et l\u2019a port\u00e9e d\u00e9j\u00e0 aux grandes maisons d\u2019op\u00e9ra parmi l\u2019Europe. Elle faisait des mises en sc\u00e8ne de Tristessa (Royal Opera Stockholm),\u00a0Madama Butterfly (Folkopera Stockholm),\u00a0H\u00e4nsel &amp; Gretel (G\u00f6teborg Opera), Vanessa et Carmen (Malm\u00f6 [&hellip;]<\/p>\n","protected":false},"author":1,"featured_media":667,"parent":0,"menu_order":0,"comment_status":"closed","ping_status":"closed","template":"template\/page_biographie.php","meta":{"footnotes":""},"acf":[],"_links":{"self":[{"href":"https:\/\/katharinathoma.com\/fr\/wp-json\/wp\/v2\/pages\/68"}],"collection":[{"href":"https:\/\/katharinathoma.com\/fr\/wp-json\/wp\/v2\/pages"}],"about":[{"href":"https:\/\/katharinathoma.com\/fr\/wp-json\/wp\/v2\/types\/page"}],"author":[{"embeddable":true,"href":"https:\/\/katharinathoma.com\/fr\/wp-json\/wp\/v2\/users\/1"}],"replies":[{"embeddable":true,"href":"https:\/\/katharinathoma.com\/fr\/wp-json\/wp\/v2\/comments?post=68"}],"version-history":[{"count":18,"href":"https:\/\/katharinathoma.com\/fr\/wp-json\/wp\/v2\/pages\/68\/revisions"}],"predecessor-version":[{"id":803,"href":"https:\/\/katharinathoma.com\/fr\/wp-json\/wp\/v2\/pages\/68\/revisions\/803"}],"wp:featuredmedia":[{"embeddable":true,"href":"https:\/\/katharinathoma.com\/fr\/wp-json\/wp\/v2\/media\/667"}],"wp:attachment":[{"href":"https:\/\/katharinathoma.com\/fr\/wp-json\/wp\/v2\/media?parent=68"}],"curies":[{"name":"wp","href":"https:\/\/api.w.org\/{rel}","templated":true}]}}