{"id":3,"date":"2021-06-21T16:32:57","date_gmt":"2021-06-21T14:32:57","guid":{"rendered":"https:\/\/katharina-thoma.de.ddev.site\/?page_id=3"},"modified":"2025-09-11T15:24:38","modified_gmt":"2025-09-11T13:24:38","slug":"impressum-datenschutz","status":"publish","type":"page","link":"https:\/\/katharinathoma.com\/fr\/impressum-datenschutz\/","title":{"rendered":"Impression et Confidentialit\u00e9"},"content":{"rendered":"<h2 class=\"mt-0 wp-block-heading\">IMPRESSUM<\/h2>\r\n<h3>Adresse<\/h3>\r\n<p>Katharina Thoma<br \/>Schwindstr. 32<br \/>80798 M\u00fcnchen<br \/>Deutschland<\/p>\r\n<h3>Responsable selon le \u00a7 55 (2) RStV<\/h3>\r\n<p>Katharina Thoma<\/p>\r\n<h3>Contact<\/h3>\r\n<p><script type=\"text\/javascript\"> \r\nvar pref = '&#109;a' + 'i&#108;' + '&#116;o'; \r\nvar attribut = 'hr' + 'ef' + '='; var first = '%6D%61%69%6C'; var at = '%40'; var last = '&#x6B;&#x61;&#x74;&#x68;&#x61;&#x72;&#x69;&#x6E;&#x61;&#x74;&#x68;&#x6F;&#x6D;&#x61;&#x2E;&#x63;&#x6F;&#x6D;'; \r\nvar first2 = '&#x6D;&#x61;&#x69;&#x6C;'; var at2 = '&#x40;'; var last2 = '&#107;&#97;&#116;&#104;&#97;&#114;&#105;&#110;&#97;&#116;&#104;&#111;&#109;&#97;&#46;&#99;&#111;&#109;'; \r\ndocument.write( '<a ' + attribut + '\\'' + pref + ':' + first + at + last + '\\'>' ); \r\ndocument.write( first2 + at2 + last2 ); document.write( '<\\\/a>' ); <\/script><noscript> \r\n<span style='display:none; '>are-<\/span><span style='display:inline; '>&#x6D;&#x61;&#x69;&#x6C;<\/span><span style='display:none; '>-xya34<\/span><span style='display:inline; '>[at]<\/span><span style='display:none; '>ddks-<\/span><span style='display:inline; '>&#107;&#97;&#116;&#104;&#97;&#114;&#105;&#110;&#97;&#116;&#104;&#111;&#109;&#97;&#46;&#99;&#111;&#109;<\/span> <\/noscript><\/p>\r\n<h3>Num\u00e9ro d&rsquo;identification fiscale<\/h3>\r\n<p>DE 274588625<\/p>\r\n<h3>Images<\/h3>\r\n<p>Barbara Aum\u00fcller (Fonds d&rsquo;\u00e9cran)<br \/>Kirsten Nijhof (Potrait-Fotos)<\/p>\r\n<h3>Realisation<\/h3>\r\n<p><a href=\"https:\/\/mediaclip.de\/\" target=\"_blank\" rel=\"noopener\">Mediaclip Kommunikation<\/a><\/p>\r\n<h3>Liens externes<\/h3>\r\n<p>Malgr\u00e9 un contr\u00f4le minutieux du contenu, nous n&rsquo;assumons aucune responsabilit\u00e9 pour le contenu des liens externes. Seuls les exploitants de ces sites sont responsables de leur contenu.<\/p>\r\n<h3>Opposition aux e-mails publicitaires<\/h3>\r\n<p>Nous nous opposons express\u00e9ment \u00e0 l&rsquo;utilisation par des tiers des donn\u00e9es de contact publi\u00e9es dans le cadre des mentions l\u00e9gales obligatoires pour l&rsquo;envoi de publicit\u00e9 et de mat\u00e9riel d&rsquo;information non sollicit\u00e9s. Nous nous r\u00e9servons le droit d&rsquo;engager des poursuites judiciaires en cas d&rsquo;envoi non sollicit\u00e9 d&rsquo;informations publicitaires, notamment par le biais de spams.<\/p>\r\n<h4>\u00a0<\/h4>\r\n<h2>PROTECTION DE LA VIE PRIV\u00c9E<\/h2>\r\n<h3>Remarques g\u00e9n\u00e9rales<\/h3>\r\n<p>La protection de vos donn\u00e9es personnelles est tr\u00e8s importante pour nous. Nous traitons et enregistrons les donn\u00e9es personnelles de mani\u00e8re confidentielle et conform\u00e9ment aux dispositions l\u00e9gales en mati\u00e8re de protection des donn\u00e9es. L&rsquo;utilisation de ce site web est g\u00e9n\u00e9ralement possible sans indication de donn\u00e9es personnelles. Vous avez \u00e0 tout moment le droit d&rsquo;obtenir gratuitement des informations sur l&rsquo;origine, le destinataire et la finalit\u00e9 de vos donn\u00e9es personnelles enregistr\u00e9es, ainsi que d&rsquo;exiger la rectification, le blocage ou la suppression de ces donn\u00e9es. Un consentement d\u00e9j\u00e0 donn\u00e9 pour le traitement des donn\u00e9es peut \u00eatre r\u00e9voqu\u00e9 \u00e0 tout moment sans formalit\u00e9. Vous avez \u00e9galement le droit de vous faire remettre ou &#8211; dans la mesure o\u00f9 cela est techniquement possible &#8211; de faire remettre \u00e0 un tiers les donn\u00e9es \u00e0 caract\u00e8re personnel que nous traitons et enregistrons de mani\u00e8re automatis\u00e9e sur la base de votre consentement ou en ex\u00e9cution d&rsquo;un contrat. En cas d&rsquo;infraction \u00e0 la l\u00e9gislation sur la protection des donn\u00e9es, vous disposez d&rsquo;un droit de recours aupr\u00e8s du d\u00e9l\u00e9gu\u00e9 r\u00e9gional comp\u00e9tent \u00e0 la protection des donn\u00e9es, dont vous trouverez les coordonn\u00e9es sur https:\/\/www.bfdi.bund.de\/. Nous nous tenons \u00e0 votre disposition pour toute question ou remarque concernant la protection des donn\u00e9es sur notre site Internet. Vous trouverez nos coordonn\u00e9es dans les mentions l\u00e9gales. Le responsable du traitement des donn\u00e9es personnelles conform\u00e9ment \u00e0 l&rsquo;article 4 n\u00b0 7 du RGPD est identique au responsable du contenu du site web.<\/p>\r\n<h3>Fichiers journaux du serveur<\/h3>\r\n<p>Dans le cadre des dispositions l\u00e9gales, notre fournisseur d&rsquo;acc\u00e8s Internet collecte et enregistre automatiquement des informations dans des fichiers journaux de serveur que votre navigateur transmet automatiquement \u00e0 son serveur. Il s&rsquo;agit du type et de la version du navigateur, du syst\u00e8me d&rsquo;exploitation utilis\u00e9, de l&rsquo;URL de r\u00e9f\u00e9rence, du nom d&rsquo;h\u00f4te de l&rsquo;ordinateur qui acc\u00e8de au site, de l&rsquo;heure de la demande du serveur ainsi que de l&rsquo;adresse IP anonymis\u00e9e. Ces donn\u00e9es ne peuvent pas \u00eatre attribu\u00e9es \u00e0 des personnes pr\u00e9cises. Un regroupement de ces donn\u00e9es avec d&rsquo;autres sources de donn\u00e9es n&rsquo;est pas effectu\u00e9. De m\u00eame, ces donn\u00e9es ne sont pas transmises \u00e0 des tiers sans votre accord explicite. Nous nous r\u00e9servons le droit de v\u00e9rifier ces donn\u00e9es dans la mesure o\u00f9 nous avons connaissance d&rsquo;indices concrets d&rsquo;une utilisation ill\u00e9gale de notre site web. Si le but de l&rsquo;enregistrement n&rsquo;est plus valable ou si un d\u00e9lai d&rsquo;enregistrement prescrit par la loi expire, ces donn\u00e9es sont effac\u00e9es de mani\u00e8re routini\u00e8re et conform\u00e9ment aux prescriptions l\u00e9gales. La base juridique pour le stockage temporaire des donn\u00e9es est l&rsquo;article 6, paragraphe 1, point f) du RGPD.<\/p>\r\n<h3>Google Web Fonts<\/h3>\r\n<p>Notre site web utilise ce que l&rsquo;on appelle des polices web, mises \u00e0 disposition par Google, pour l&rsquo;affichage uniforme des polices de caract\u00e8res. Lorsque vous consultez une page, votre navigateur charge les Google Web Fonts n\u00e9cessaires dans le cache du navigateur afin d&rsquo;afficher correctement les polices de caract\u00e8res des textes. \u00c0 cette fin, le navigateur que vous utilisez doit se connecter aux serveurs de Google. Google est ainsi inform\u00e9 que notre site web a \u00e9t\u00e9 consult\u00e9 via votre adresse IP. L&rsquo;utilisation de Google Web Fonts a lieu dans l&rsquo;int\u00e9r\u00eat d&rsquo;une pr\u00e9sentation uniforme et agr\u00e9able de notre site web. Si votre navigateur ne supporte pas les polices web, une police standard de votre appareil sera utilis\u00e9e \u00e0 la place. Vous trouverez de plus amples informations sur Google Web Fonts \u00e0 l&rsquo;adresse https:\/\/developers.google.com\/ et dans la d\u00e9claration de confidentialit\u00e9 de Google \u00e0 l&rsquo;adresse https:\/\/www.google.com\/. La base juridique pour l&rsquo;utilisation de Google Web Fonts est l&rsquo;article 6, paragraphe 1, point f du RGPD.<\/p>\r\n<h3>Opposition aux e-mails publicitaires<\/h3>\r\n<p>L&rsquo;utilisation des donn\u00e9es de contact publi\u00e9es dans le cadre des mentions l\u00e9gales obligatoires pour l&rsquo;envoi de publicit\u00e9 et de mat\u00e9riel d&rsquo;information non sollicit\u00e9s est express\u00e9ment interdite.<\/p>\r\n<h3>Design &amp; Programmation<\/h3>\r\n<p><a href=\"https:\/\/www.elfgenpick.de\/de\" target=\"_blank\" rel=\"noopener\">elfgenpick<\/a><\/p>","protected":false},"excerpt":{"rendered":"<p>IMPRESSUM Adresse Katharina ThomaSchwindstr. 3280798 M\u00fcnchenDeutschland Responsable selon le \u00a7 55 (2) RStV Katharina Thoma Contact are-&#x6D;&#x61;&#x69;&#x6C;-xya34[at]ddks-&#107;&#97;&#116;&#104;&#97;&#114;&#105;&#110;&#97;&#116;&#104;&#111;&#109;&#97;&#46;&#99;&#111;&#109; Num\u00e9ro d&rsquo;identification fiscale DE 274588625 Images Barbara Aum\u00fcller (Fonds d&rsquo;\u00e9cran)Kirsten Nijhof (Potrait-Fotos) Realisation Mediaclip Kommunikation Liens externes Malgr\u00e9 un contr\u00f4le minutieux du contenu, nous n&rsquo;assumons aucune responsabilit\u00e9 pour le contenu des liens externes. Seuls les exploitants de ces [&hellip;]<\/p>\n","protected":false},"author":1,"featured_media":111,"parent":0,"menu_order":0,"comment_status":"closed","ping_status":"open","template":"","meta":{"footnotes":""},"acf":[],"_links":{"self":[{"href":"https:\/\/katharinathoma.com\/fr\/wp-json\/wp\/v2\/pages\/3"}],"collection":[{"href":"https:\/\/katharinathoma.com\/fr\/wp-json\/wp\/v2\/pages"}],"about":[{"href":"https:\/\/katharinathoma.com\/fr\/wp-json\/wp\/v2\/types\/page"}],"author":[{"embeddable":true,"href":"https:\/\/katharinathoma.com\/fr\/wp-json\/wp\/v2\/users\/1"}],"replies":[{"embeddable":true,"href":"https:\/\/katharinathoma.com\/fr\/wp-json\/wp\/v2\/comments?post=3"}],"version-history":[{"count":29,"href":"https:\/\/katharinathoma.com\/fr\/wp-json\/wp\/v2\/pages\/3\/revisions"}],"predecessor-version":[{"id":673,"href":"https:\/\/katharinathoma.com\/fr\/wp-json\/wp\/v2\/pages\/3\/revisions\/673"}],"wp:featuredmedia":[{"embeddable":true,"href":"https:\/\/katharinathoma.com\/fr\/wp-json\/wp\/v2\/media\/111"}],"wp:attachment":[{"href":"https:\/\/katharinathoma.com\/fr\/wp-json\/wp\/v2\/media?parent=3"}],"curies":[{"name":"wp","href":"https:\/\/api.w.org\/{rel}","templated":true}]}}